{"id":987514911,"date":"2025-08-28T15:02:11","date_gmt":"2025-08-28T13:02:11","guid":{"rendered":"https:\/\/www.traveltoaostavalley.com\/?page_id=987514911"},"modified":"2025-08-28T15:04:04","modified_gmt":"2025-08-28T13:04:04","slug":"prenota-soggiorno","status":"publish","type":"page","link":"https:\/\/www.traveltoaostavalley.com\/en\/prenota-soggiorno\/","title":{"rendered":"Prenota soggiorno"},"content":{"rendered":"<p>[et_pb_section fb_built=&#8221;1&#8243; custom_padding_last_edited=&#8221;on|tablet&#8221; _builder_version=&#8221;4.27.4&#8243; _module_preset=&#8221;default&#8221; use_background_color_gradient=&#8221;on&#8221; background_color_gradient_stops=&#8221;rgba(34,34,34,0.75) 0%|rgba(216,89,53,0.75) 100%&#8221; background_color_gradient_overlays_image=&#8221;on&#8221; background_image=&#8221;https:\/\/www.traveltoaostavalley.com\/wp-content\/uploads\/2025\/06\/travel-to-aosta-valley-05.jpg&#8221; custom_padding=&#8221;120px||120px||true|false&#8221; custom_padding_tablet=&#8221;75px||75px||true|false&#8221; custom_padding_phone=&#8221;75px||75px||true|false&#8221; global_colors_info=&#8221;{}&#8221;][et_pb_row _builder_version=&#8221;4.27.4&#8243; _module_preset=&#8221;default&#8221; global_colors_info=&#8221;{}&#8221;][et_pb_column type=&#8221;4_4&#8243; _builder_version=&#8221;4.27.4&#8243; _module_preset=&#8221;default&#8221; global_colors_info=&#8221;{}&#8221;][et_pb_text _builder_version=&#8221;4.27.4&#8243; _module_preset=&#8221;default&#8221; header_font=&#8221;|||on|||||&#8221; header_text_color=&#8221;#FFFFFF&#8221; max_width=&#8221;1000px&#8221; custom_margin=&#8221;||5px||false|false&#8221; hover_enabled=&#8221;0&#8243; global_colors_info=&#8221;{}&#8221; sticky_enabled=&#8221;0&#8243;]<\/p>\n<h1>Book the<br \/>\nyour stay<\/h1>\n<p>[\/et_pb_text][et_pb_text _builder_version=&#8221;4.27.4&#8243; header_3_text_color=&#8221;#FFFFFF&#8221; custom_margin=&#8221;||10px||false|false&#8221; global_colors_info=&#8221;{}&#8221;]<\/p>\n<h3 style=\"text-align: left;\">Fill out the form<\/h3>\n<p>[\/et_pb_text][\/et_pb_column][\/et_pb_row][\/et_pb_section][et_pb_section fb_built=&#8221;1&#8243; custom_padding_last_edited=&#8221;on|phone&#8221; _builder_version=&#8221;4.27.4&#8243; custom_padding=&#8221;120px||120px||true|&#8221; custom_padding_tablet=&#8221;60px||0px||false|false&#8221; custom_padding_phone=&#8221;60px||0px||false|false&#8221; global_colors_info=&#8221;{}&#8221;][et_pb_row use_custom_gutter=&#8221;on&#8221; gutter_width=&#8221;2&#8243; _builder_version=&#8221;4.27.4&#8243; custom_margin=&#8221;|auto|-2px|auto|false|false&#8221; custom_padding=&#8221;0px||0px|0px|true|false&#8221; global_colors_info=&#8221;{}&#8221;][et_pb_column type=&#8221;4_4&#8243; _builder_version=&#8221;4.16&#8243; global_colors_info=&#8221;{}&#8221;][et_pb_text _builder_version=&#8221;4.27.4&#8243; custom_margin=&#8221;||5px||false|false&#8221; animation_style=&#8221;slide&#8221; animation_direction=&#8221;left&#8221; animation_intensity_slide=&#8221;10%&#8221; global_colors_info=&#8221;{}&#8221;]<\/p>\n<h4 style=\"text-align: center;\">explore, live, taste<\/h4>\n<p>[\/et_pb_text][et_pb_text _builder_version=&#8221;4.27.4&#8243; header_2_text_align=&#8221;center&#8221; global_colors_info=&#8221;{}&#8221;]<\/p>\n<h2 style=\"text-align: center;\">Request availability<\/h2>\n<p>[\/et_pb_text][et_pb_divider color=&#8221;#e0e0e0&#8243; _builder_version=&#8221;4.27.4&#8243; _module_preset=&#8221;default&#8221; max_width=&#8221;100px&#8221; module_alignment=&#8221;center&#8221; custom_margin=&#8221;||10px||false|false&#8221; global_colors_info=&#8221;{}&#8221;][\/et_pb_divider][\/et_pb_column][\/et_pb_row][et_pb_row _builder_version=&#8221;4.27.4&#8243; _module_preset=&#8221;default&#8221; background_color=&#8221;#FFFFFF&#8221; custom_margin=&#8221;||-10px||false|false&#8221; custom_padding=&#8221;0px||0px||true|&#8221; locked=&#8221;off&#8221; global_colors_info=&#8221;{}&#8221;][et_pb_column type=&#8221;4_4&#8243; _builder_version=&#8221;4.27.4&#8243; _module_preset=&#8221;default&#8221; global_colors_info=&#8221;{}&#8221;][et_pb_code _builder_version=&#8221;4.27.4&#8243; _module_preset=&#8221;default&#8221; custom_css_free_form=&#8221;h5 {||  margin-top: 20px;||  margin-bottom: 10px;||}&#8221; global_colors_info=&#8221;{}&#8221;]<form id=\"forminator-module-987514905\" class=\"forminator-custom-form forminator-custom-form-987514905\" method=\"post\" data-forminator-render=\"0\" data-uid=\"69d16274e1cb8\"><div role=\"alert\" aria-live=\"polite\" class=\"forminator-response-message forminator-error\" aria-hidden=\"true\"><\/div><\/form>[\/et_pb_code][\/et_pb_column][\/et_pb_row][\/et_pb_section]<\/p>\n","protected":false},"excerpt":{"rendered":"<p>Book the your stayFill out the formexplore, live, tasteRequest availability<form id=\"forminator-module-987514905\" class=\"forminator-custom-form forminator-custom-form-987514905\" method=\"post\" data-forminator-render=\"1\" data-uid=\"69d16276bcfab\"><div role=\"alert\" aria-live=\"polite\" class=\"forminator-response-message forminator-error\" aria-hidden=\"true\"><\/div><\/form><\/p>\n","protected":false},"author":2,"featured_media":0,"parent":0,"menu_order":0,"comment_status":"closed","ping_status":"closed","template":"","meta":{"_acf_changed":false,"_et_pb_use_builder":"on","_et_pb_old_content":"<!-- wp:paragraph -->\r\n<p>Questa \u00e8 una pagina di esempio. Differisce da un articolo di un blog perch\u00e9 rimane sempre allo stesso posto e (in molti temi) appare nel menu di navigazione. Molte persone iniziano con una pagina di Informazioni che li presentano ai visitatori del sito. Potrebbe apparire una presentazione del tipo:<\/p>\r\n<!-- \/wp:paragraph --><!-- wp:quote -->\r\n<blockquote class=\"wp-block-quote\">\r\n<p>Ciao! Sono un fattorino ciclista di giorno, aspirante attore di notte e questo \u00e8 il mio sito web. Vivo a Los Angeles, ho un grande cane di nome Jack e mi piace la pi\u00f1a colada. (E prendere la pioggia)<\/p>\r\n<\/blockquote>\r\n<!-- \/wp:quote --><!-- wp:paragraph -->\r\n<p>...o qualcosa di simile:<\/p>\r\n<!-- \/wp:paragraph --><!-- wp:quote -->\r\n<blockquote class=\"wp-block-quote\">\r\n<p>La Societ\u00e0 XYZ Aggeggi \u00e8 stata fondata nel 1971 e da allora fornisce al pubblico aggeggi di ottima qualit\u00e0. Situata a Fantasilandia, XYZ impiega oltre 2.000 persone e realizza ogni sorta di aggeggio fantastico per la comunit\u00e0 di Fantasilandia.<\/p>\r\n<\/blockquote>\r\n<!-- \/wp:quote --><!-- wp:paragraph -->\r\n<p>Come nuovo utente di WordPress, dovresti andare nella tua <a href=\"http:\/\/traveltoaostavalley.com\/wp-admin\/\">Bacheca<\/a> per eliminare questa pagina, e crearne delle nuove per i tuoi contenuti. Divertiti!<\/p>\r\n<!-- \/wp:paragraph -->","_et_gb_content_width":"","footnotes":""},"class_list":["post-987514911","page","type-page","status-publish","hentry"],"acf":[],"yoast_head":"<!-- This site is optimized with the Yoast SEO plugin v27.3 - https:\/\/yoast.com\/product\/yoast-seo-wordpress\/ -->\n<title>Prenota soggiorno - Travel to Aosta Valley<\/title>\n<meta name=\"robots\" content=\"index, follow, max-snippet:-1, max-image-preview:large, max-video-preview:-1\" \/>\n<link rel=\"canonical\" href=\"https:\/\/www.traveltoaostavalley.com\/en\/prenota-soggiorno\/\" \/>\n<meta property=\"og:locale\" content=\"en_US\" \/>\n<meta property=\"og:type\" content=\"article\" \/>\n<meta property=\"og:title\" content=\"Prenota soggiorno - Travel to Aosta Valley\" \/>\n<meta property=\"og:description\" content=\"Book the your stayFill out the formexplore, live, tasteRequest availability\" \/>\n<meta property=\"og:site_name\" content=\"Travel to Aosta Valley\" \/>\n<meta property=\"article:modified_time\" content=\"2025-08-28T13:04:04+00:00\" \/>\n<meta name=\"twitter:card\" content=\"summary_large_image\" \/>\n<meta name=\"twitter:label1\" content=\"Est. reading time\" \/>\n\t<meta name=\"twitter:data1\" content=\"1 minute\" \/>\n<script type=\"application\/ld+json\" class=\"yoast-schema-graph\">{\"@context\":\"https:\\\/\\\/schema.org\",\"@graph\":[{\"@type\":\"WebPage\",\"@id\":\"https:\\\/\\\/www.traveltoaostavalley.com\\\/en\\\/prenota-soggiorno\\\/\",\"url\":\"https:\\\/\\\/www.traveltoaostavalley.com\\\/en\\\/prenota-soggiorno\\\/\",\"name\":\"Prenota soggiorno - Travel to Aosta Valley\",\"isPartOf\":{\"@id\":\"https:\\\/\\\/www.traveltoaostavalley.com\\\/en\\\/#website\"},\"datePublished\":\"2025-08-28T13:02:11+00:00\",\"dateModified\":\"2025-08-28T13:04:04+00:00\",\"breadcrumb\":{\"@id\":\"https:\\\/\\\/www.traveltoaostavalley.com\\\/en\\\/prenota-soggiorno\\\/#breadcrumb\"},\"inLanguage\":\"en-US\",\"potentialAction\":[{\"@type\":\"ReadAction\",\"target\":[\"https:\\\/\\\/www.traveltoaostavalley.com\\\/en\\\/prenota-soggiorno\\\/\"]}]},{\"@type\":\"BreadcrumbList\",\"@id\":\"https:\\\/\\\/www.traveltoaostavalley.com\\\/en\\\/prenota-soggiorno\\\/#breadcrumb\",\"itemListElement\":[{\"@type\":\"ListItem\",\"position\":1,\"name\":\"Home\",\"item\":\"https:\\\/\\\/www.traveltoaostavalley.com\\\/en\\\/\"},{\"@type\":\"ListItem\",\"position\":2,\"name\":\"Prenota soggiorno\"}]},{\"@type\":\"WebSite\",\"@id\":\"https:\\\/\\\/www.traveltoaostavalley.com\\\/en\\\/#website\",\"url\":\"https:\\\/\\\/www.traveltoaostavalley.com\\\/en\\\/\",\"name\":\"Travel to Aosta Valley\",\"description\":\"Natura, cultura, emozione\",\"potentialAction\":[{\"@type\":\"SearchAction\",\"target\":{\"@type\":\"EntryPoint\",\"urlTemplate\":\"https:\\\/\\\/www.traveltoaostavalley.com\\\/en\\\/?s={search_term_string}\"},\"query-input\":{\"@type\":\"PropertyValueSpecification\",\"valueRequired\":true,\"valueName\":\"search_term_string\"}}],\"inLanguage\":\"en-US\"}]}<\/script>\n<!-- \/ Yoast SEO plugin. -->","yoast_head_json":{"title":"Prenota soggiorno - Travel to Aosta Valley","robots":{"index":"index","follow":"follow","max-snippet":"max-snippet:-1","max-image-preview":"max-image-preview:large","max-video-preview":"max-video-preview:-1"},"canonical":"https:\/\/www.traveltoaostavalley.com\/en\/prenota-soggiorno\/","og_locale":"en_US","og_type":"article","og_title":"Prenota soggiorno - Travel to Aosta Valley","og_description":"Book the your stayFill out the formexplore, live, tasteRequest availability","og_site_name":"Travel to Aosta Valley","article_modified_time":"2025-08-28T13:04:04+00:00","twitter_card":"summary_large_image","twitter_misc":{"Est. reading time":"1 minute"},"schema":{"@context":"https:\/\/schema.org","@graph":[{"@type":"WebPage","@id":"https:\/\/www.traveltoaostavalley.com\/en\/prenota-soggiorno\/","url":"https:\/\/www.traveltoaostavalley.com\/en\/prenota-soggiorno\/","name":"Prenota soggiorno - Travel to Aosta Valley","isPartOf":{"@id":"https:\/\/www.traveltoaostavalley.com\/en\/#website"},"datePublished":"2025-08-28T13:02:11+00:00","dateModified":"2025-08-28T13:04:04+00:00","breadcrumb":{"@id":"https:\/\/www.traveltoaostavalley.com\/en\/prenota-soggiorno\/#breadcrumb"},"inLanguage":"en-US","potentialAction":[{"@type":"ReadAction","target":["https:\/\/www.traveltoaostavalley.com\/en\/prenota-soggiorno\/"]}]},{"@type":"BreadcrumbList","@id":"https:\/\/www.traveltoaostavalley.com\/en\/prenota-soggiorno\/#breadcrumb","itemListElement":[{"@type":"ListItem","position":1,"name":"Home","item":"https:\/\/www.traveltoaostavalley.com\/en\/"},{"@type":"ListItem","position":2,"name":"Prenota soggiorno"}]},{"@type":"WebSite","@id":"https:\/\/www.traveltoaostavalley.com\/en\/#website","url":"https:\/\/www.traveltoaostavalley.com\/en\/","name":"Travel to Aosta Valley","description":"Natura, cultura, emozione","potentialAction":[{"@type":"SearchAction","target":{"@type":"EntryPoint","urlTemplate":"https:\/\/www.traveltoaostavalley.com\/en\/?s={search_term_string}"},"query-input":{"@type":"PropertyValueSpecification","valueRequired":true,"valueName":"search_term_string"}}],"inLanguage":"en-US"}]}},"_links":{"self":[{"href":"https:\/\/www.traveltoaostavalley.com\/en\/wp-json\/wp\/v2\/pages\/987514911","targetHints":{"allow":["GET"]}}],"collection":[{"href":"https:\/\/www.traveltoaostavalley.com\/en\/wp-json\/wp\/v2\/pages"}],"about":[{"href":"https:\/\/www.traveltoaostavalley.com\/en\/wp-json\/wp\/v2\/types\/page"}],"author":[{"embeddable":true,"href":"https:\/\/www.traveltoaostavalley.com\/en\/wp-json\/wp\/v2\/users\/2"}],"replies":[{"embeddable":true,"href":"https:\/\/www.traveltoaostavalley.com\/en\/wp-json\/wp\/v2\/comments?post=987514911"}],"version-history":[{"count":3,"href":"https:\/\/www.traveltoaostavalley.com\/en\/wp-json\/wp\/v2\/pages\/987514911\/revisions"}],"predecessor-version":[{"id":987514926,"href":"https:\/\/www.traveltoaostavalley.com\/en\/wp-json\/wp\/v2\/pages\/987514911\/revisions\/987514926"}],"wp:attachment":[{"href":"https:\/\/www.traveltoaostavalley.com\/en\/wp-json\/wp\/v2\/media?parent=987514911"}],"curies":[{"name":"wp","href":"https:\/\/api.w.org\/{rel}","templated":true}]}}